{"id":613,"date":"2021-10-05T10:50:48","date_gmt":"2021-10-05T10:50:48","guid":{"rendered":"https:\/\/themexriver.com\/wp\/fastrans\/?page_id=613"},"modified":"2025-12-17T10:11:52","modified_gmt":"2025-12-17T15:11:52","slug":"heidy","status":"publish","type":"page","link":"https:\/\/montacargasserviyaz.com\/?page_id=613","title":{"rendered":"Heidy"},"content":{"rendered":"\t\t<div data-elementor-type=\"wp-page\" data-elementor-id=\"613\" class=\"elementor elementor-613\">\n\t\t\t\t\t\t<section class=\"elementor-section elementor-top-section elementor-element elementor-element-c85f401 elementor-section-full_width elementor-section-height-default elementor-section-height-default magic-button-disabled-no\" data-id=\"c85f401\" data-element_type=\"section\">\n\t\t\t\t\t\t<div class=\"elementor-container elementor-column-gap-default\">\n\t\t\t\t\t<div class=\"elementor-column elementor-col-100 elementor-top-column elementor-element elementor-element-ad5113b\" data-id=\"ad5113b\" data-element_type=\"column\">\n\t\t\t<div class=\"elementor-widget-wrap elementor-element-populated\">\n\t\t\t\t\t\t<div class=\"elementor-element elementor-element-4b9c405 elementor-widget elementor-widget-fastrans_team_details\" data-id=\"4b9c405\" data-element_type=\"widget\" data-widget_type=\"fastrans_team_details.default\">\n\t\t\t\t<div class=\"elementor-widget-container\">\n\t\t\t\t\t\t\n    <!-- Start of Team Details section\n\t============================================= -->\n\t<section id=\"ft-team-details\" class=\"ft-team-details-section page-padding\">\n\t\t<div class=\"container\">\n\t\t\t<div class=\"ft-team-details-content position-relative\">\n\t\t\t\t                <span class=\"design-shape position-absolute\"><img decoding=\"async\" src=\"https:\/\/montacargasserviyaz.com\/wp-content\/themes\/fastrans\/assets\/images\/shape\/tmd-sh.png\" alt=\"Awesome Image\"><\/span>\n\t\t\t\t                <div class=\"row\">\n\t\t\t\t\t                    <div class=\"col-lg-5\">\n\t\t\t\t\t\t<div class=\"ft-team-details-img position-relative\">\n\t\t\t\t\t\t\t<img decoding=\"async\" src=\"https:\/\/montacargasserviyaz.com\/wp-content\/uploads\/2021\/10\/trabajadora1.jpg\" alt=\"Awesome Image\">\n\t\t\t\t\t\t<\/div>\n\t\t\t\t\t<\/div>\n                    \t\t\t\t\t<div class=\"col-lg-7\">\n\t\t\t\t\t\t<div class=\"ft-team-details-text-wrapper headline pera-content\">\n\t\t\t\t\t\t\t                            <div class=\"ft-team-details-text\">\n\t\t\t\t\t\t\t\t\t\t\t\t\t\t\t\t<span>Asesora Comercial<\/span>\t\t\t\t\t\t\t\t<p>Nos involucramos con pasi\u00f3n en cada servicio, garantizando calidad, cumplimiento y dedicaci\u00f3n a nuestros clientes. <\/p>\t\t\t\t\t\t\t<\/div>\n\t\t\t\t\t\t\t                            <div class=\"ft-team-details-info ul-li-block\">\n\t\t\t\t\t\t\t\t<ul>\n\t\t\t\t\t\t\t\t\t                                    <li><span>Experience:<\/span> 10 a\u00f1os<\/li>\n\t\t\t\t\t\t\t\t\t                                    <li><span>Email:<\/span> comercial@montacargasserviyaz.com<\/li>\n\t\t\t\t\t\t\t\t\t                                    <li><span>Phone:<\/span> 314 383 0784 - 312 509 3693<\/li>\n\t\t\t\t\t\t\t\t\t\t\t\t\t\t\t\t\t<\/ul>\n\t\t\t\t\t\t\t<\/div>\n\t\t\t\t\t\t\t<div class=\"coming-soon-social d-flex\">\n\t\t\t\t\t\t\t\t                                <a href=\"\"><i class=\"fab fa fa-whatsapp\"><\/i><\/a>\n\t\t\t\t\t\t\t\t                                <a href=\"\"><i class=\"fab fa fa-instagram\"><\/i><\/a>\n\t\t\t\t\t\t\t\t\t\t\t\t\t\t\t<\/div>\n\t\t\t\t\t\t<\/div>\n\t\t\t\t\t<\/div>\n\t\t\t\t<\/div>\n\t\t\t<\/div>\n\t\t\t<div class=\"ft-team-personal-form-cta-wrapper\">\n\t\t\t\t<div class=\"row\">\n\t\t\t\t\t<div class=\"col-lg-9\">\n\t\t\t\t\t\t<div class=\"ft-team-personal headline pera-content\">\n\t\t\t\t\t\t\t\t\t\t\t\t\t\t\t\t\t\t\t\t\t\n\t\t\t\t\t\t\t                            \n                            \t\t\t\t\t\t\t<div class=\"ft-team-contact-form-wrapper\">\n\t\t\t\t\t\t\t\t<div class=\"ft-team-contact-form\">\n\t\t\t\t\t\t\t\t\t<h3>Contactame<\/h3>\n\t\t\t\t\t\t\t\t\t\n<div class=\"wpcf7 no-js\" id=\"wpcf7-f631-o1\" lang=\"en-US\" dir=\"ltr\" data-wpcf7-id=\"631\">\n<div class=\"screen-reader-response\"><p role=\"status\" aria-live=\"polite\" aria-atomic=\"true\"><\/p> <ul><\/ul><\/div>\n<form action=\"\/index.php?rest_route=%2Fwp%2Fv2%2Fpages%2F613#wpcf7-f631-o1\" method=\"post\" class=\"wpcf7-form init\" aria-label=\"Contact form\" novalidate=\"novalidate\" data-status=\"init\">\n<fieldset class=\"hidden-fields-container\"><input type=\"hidden\" name=\"_wpcf7\" value=\"631\" \/><input type=\"hidden\" name=\"_wpcf7_version\" value=\"6.1.3\" \/><input type=\"hidden\" name=\"_wpcf7_locale\" value=\"en_US\" \/><input type=\"hidden\" name=\"_wpcf7_unit_tag\" value=\"wpcf7-f631-o1\" \/><input type=\"hidden\" name=\"_wpcf7_container_post\" value=\"0\" \/><input type=\"hidden\" name=\"_wpcf7_posted_data_hash\" value=\"\" \/>\n<\/fieldset>\n<div class=\"row\">\n\t<div class=\"col-lg-6\">\n\t\t<p><span class=\"wpcf7-form-control-wrap\" data-name=\"text-71\"><input size=\"40\" maxlength=\"400\" class=\"wpcf7-form-control wpcf7-text wpcf7-validates-as-required\" aria-required=\"true\" aria-invalid=\"false\" placeholder=\"Your Name *\" value=\"\" type=\"text\" name=\"text-71\" \/><\/span>\n\t\t<\/p>\n\t<\/div>\n\t<div class=\"col-lg-6\">\n\t\t<p><span class=\"wpcf7-form-control-wrap\" data-name=\"email-631\"><input size=\"40\" maxlength=\"400\" class=\"wpcf7-form-control wpcf7-email wpcf7-validates-as-required wpcf7-text wpcf7-validates-as-email\" aria-required=\"true\" aria-invalid=\"false\" placeholder=\"Your email\" value=\"\" type=\"email\" name=\"email-631\" \/><\/span>\n\t\t<\/p>\n\t<\/div>\n\t<div class=\"col-lg-12\">\n\t\t<p><span class=\"wpcf7-form-control-wrap\" data-name=\"text-72\"><input size=\"40\" maxlength=\"400\" class=\"wpcf7-form-control wpcf7-text\" aria-invalid=\"false\" placeholder=\"Your Website\" value=\"\" type=\"text\" name=\"text-72\" \/><\/span>\n\t\t<\/p>\n\t<\/div>\n\t<div class=\"col-lg-12\">\n\t\t<p><span class=\"wpcf7-form-control-wrap\" data-name=\"textarea-233\"><textarea cols=\"40\" rows=\"10\" maxlength=\"2000\" class=\"wpcf7-form-control wpcf7-textarea\" aria-invalid=\"false\" placeholder=\"Your Question\" name=\"textarea-233\"><\/textarea><\/span>\n\t\t<\/p>\n\t<\/div>\n\t<div class=\"col-lg-12\">\n\t\t<p><button class=\"ft-submit-btn\">Post Comment <i class=\"flaticon-right-arrow\"><\/i><\/button>\n\t\t<\/p>\n\t<\/div>\n<\/div><div class=\"wpcf7-response-output\" aria-hidden=\"true\"><\/div>\n<\/form>\n<\/div>\n\t\t\t\t\t\t\t\t<\/div>\n\t\t\t\t\t\t\t<\/div>\n                            \t\t\t\t\t\t<\/div>\n\t\t\t\t\t<\/div>\n\t\t\t\t\t                    <div class=\"col-lg-3\">\n\t\t\t\t\t\t<div class=\"ft-team-personal-cta text-center\" data-background=\"https:\/\/montacargasserviyaz.com\/wp-content\/uploads\/2021\/10\/td-bg.png\">\n\t\t\t\t\t\t\t<div class=\"ft-team-personal-cta-icon d-flex justify-content-center align-items-center\">\n\t\t\t\t\t\t\t\t<i class=\"fal fa fa-phone-rotary\"><\/i>\n\t\t\t\t\t\t\t<\/div>\n\t\t\t\t\t\t\t<div class=\"ft-team-personal-cta-text headline\">\n\t\t\t\t\t\t\t\t<h3>Contact Info:-<\/h3>\n\t\t\t\t\t\t\t\t<span>Phone : (1)-1234-4444<\/span>\n\t\t\t\t\t\t\t\t<span>Email : info@example.com<\/span>\n\t\t\t\t\t\t\t<\/div>\n\t\t\t\t\t\t<\/div>\n\t\t\t\t\t<\/div>\n                    \t\t\t\t<\/div>\n\t\t\t<\/div>\n\t\t<\/div>\n\t<\/section>\t\n\t<!-- End of Team Details section\n\t============================================= -->\n    \n    \t\t\t\t<\/div>\n\t\t\t\t<\/div>\n\t\t\t\t\t<\/div>\n\t\t<\/div>\n\t\t\t\t\t<\/div>\n\t\t<\/section>\n\t\t\t\t<\/div>\n\t\t","protected":false},"excerpt":{"rendered":"<p>Asesora Comercial Nos involucramos con pasi\u00f3n en cada servicio, garantizando calidad, cumplimiento y dedicaci\u00f3n a nuestros clientes. Experience: 10 a\u00f1os Email: comercial@montacargasserviyaz.com Phone: 314 383 0784 &#8211; 312 509 3693 Contactame Post Comment Contact Info:- Phone : (1)-1234-4444 Email : info@example.com<\/p>\n","protected":false},"author":1,"featured_media":0,"parent":0,"menu_order":0,"comment_status":"closed","ping_status":"closed","template":"tpl-default-elementor.php","meta":{"footnotes":""},"class_list":["post-613","page","type-page","status-publish","hentry"],"_links":{"self":[{"href":"https:\/\/montacargasserviyaz.com\/index.php?rest_route=\/wp\/v2\/pages\/613","targetHints":{"allow":["GET"]}}],"collection":[{"href":"https:\/\/montacargasserviyaz.com\/index.php?rest_route=\/wp\/v2\/pages"}],"about":[{"href":"https:\/\/montacargasserviyaz.com\/index.php?rest_route=\/wp\/v2\/types\/page"}],"author":[{"embeddable":true,"href":"https:\/\/montacargasserviyaz.com\/index.php?rest_route=\/wp\/v2\/users\/1"}],"replies":[{"embeddable":true,"href":"https:\/\/montacargasserviyaz.com\/index.php?rest_route=%2Fwp%2Fv2%2Fcomments&post=613"}],"version-history":[{"count":12,"href":"https:\/\/montacargasserviyaz.com\/index.php?rest_route=\/wp\/v2\/pages\/613\/revisions"}],"predecessor-version":[{"id":2685,"href":"https:\/\/montacargasserviyaz.com\/index.php?rest_route=\/wp\/v2\/pages\/613\/revisions\/2685"}],"wp:attachment":[{"href":"https:\/\/montacargasserviyaz.com\/index.php?rest_route=%2Fwp%2Fv2%2Fmedia&parent=613"}],"curies":[{"name":"wp","href":"https:\/\/api.w.org\/{rel}","templated":true}]}}