{"id":1489,"date":"2021-11-15T14:52:50","date_gmt":"2021-11-15T14:52:50","guid":{"rendered":"https:\/\/themexriver.com\/wp\/fastrans\/?page_id=1489"},"modified":"2025-11-06T15:46:27","modified_gmt":"2025-11-06T20:46:27","slug":"home-page-01","status":"publish","type":"page","link":"https:\/\/montacargasserviyaz.com\/","title":{"rendered":"Home Page 01"},"content":{"rendered":"\t\t<div data-elementor-type=\"wp-page\" data-elementor-id=\"1489\" class=\"elementor elementor-1489\">\n\t\t\t\t\t\t<section class=\"elementor-section elementor-top-section elementor-element elementor-element-aac5ec8 elementor-section-full_width elementor-section-height-default elementor-section-height-default magic-button-disabled-no\" data-id=\"aac5ec8\" data-element_type=\"section\">\n\t\t\t\t\t\t<div class=\"elementor-container elementor-column-gap-default\">\n\t\t\t\t\t<div class=\"elementor-column elementor-col-100 elementor-top-column elementor-element elementor-element-7dae578\" data-id=\"7dae578\" data-element_type=\"column\">\n\t\t\t<div class=\"elementor-widget-wrap elementor-element-populated\">\n\t\t\t\t\t\t<div class=\"elementor-element elementor-element-84af34a elementor-widget elementor-widget-slider_revolution\" data-id=\"84af34a\" data-element_type=\"widget\" data-widget_type=\"slider_revolution.default\">\n\t\t\t\t\t\n\t\t<div id=\"ft-slider-section-3\" class=\"wp-block-themepunch-revslider\">\n\t\t\t\t<p class=\"rs-p-wp-fix\"><\/p>\n\t\t\t\t<sr7-module data-alias=\"home-v3\" data-id=\"3\" id=\"SR7_3_1\" class=\"rs-ov-hidden\" data-version=\"6.7.21\">\n\t\t\t\t\t<sr7-adjuster><\/sr7-adjuster>\n\t\t\t\t\t<sr7-content>\n\t\t\t\t\t\t<sr7-slide id=\"SR7_3_1-7\" data-key=\"7\">\n\t\t\t\t\t\t\t<sr7-bg id=\"SR7_3_1-7-5\" class=\"sr7-layer\"><noscript><img decoding=\"async\" src=\"https:\/\/montacargasserviyaz.com\/wp-content\/uploads\/2021\/10\/slide-001-scaled-1.jpg\" alt=\"\" title=\"slide-001\"><\/noscript><\/sr7-bg>\n\t\t\t\t\t\t\t<sr7-txt id=\"SR7_3_1-7-0\" class=\"sr7-layer\">Somos especialistas<\/sr7-txt>\n\t\t\t\t\t\t\t<sr7-txt id=\"SR7_3_1-7-1\" class=\"sr7-layer\">Alquiler <br \/>\nde montacargas<\/sr7-txt>\n\t\t\t\t\t\t\t<sr7-txt id=\"SR7_3_1-7-2\" class=\"sr7-layer\">En la ciudad de Bogot\u00e1 DC - Colombia. <\/sr7-txt>\n\t\t\t\t\t\t\t<a id=\"SR7_3_1-7-4\" class=\"sr7-layer\" href=\"https:\/\/themexriver.com\/wp\/fastrans\/our-services\/\" target=\"_self\"><i class=\"fa fa-cog\"><\/i>  Servicios<\/a>\n\t\t\t\t\t\t<\/sr7-slide>\n\t\t\t\t\t\t<sr7-slide id=\"SR7_3_1-17\" data-key=\"17\">\n\t\t\t\t\t\t<\/sr7-slide>\n\t\t\t\t\t<\/sr7-content>\n\t\t\t\t\t<image_lists style=\"display:none\">\n\t\t\t\t\t\t<img data-src=\"\/\/montacargasserviyaz.com\/wp-content\/uploads\/2025\/11\/montacarga-slider.png\" data-libid=\"2639\" data-lib=\"medialibrary\" title=\"montacarga-slider\" width=\"0\" height=\"0\" data-dbsrc=\"Ly9tb250YWNhcmdhc3NlcnZpeWF6LmNvbS93cC1jb250ZW50L3VwbG9hZHMvMjAyNS8xMS9tb250YWNhcmdhLXNsaWRlci5wbmc=\"\/>\n\t\t\t\t\t\t<img data-src=\"\/\/montacargasserviyaz.com\/wp-content\/uploads\/2021\/10\/slide-001-scaled-1.jpg\" data-libid=\"1358\" data-lib=\"medialibrary\" title=\"slide-001\" width=\"0\" height=\"0\" data-dbsrc=\"Ly9tb250YWNhcmdhc3NlcnZpeWF6LmNvbS93cC1jb250ZW50L3VwbG9hZHMvMjAyMS8xMC9zbGlkZS0wMDEtc2NhbGVkLTEuanBn\"\/>\n\t\t\t\t\t\t<img data-src=\"\/\/montacargasserviyaz.com\/wp-content\/uploads\/2021\/10\/s-truck-1.png\" data-libid=\"48\" data-lib=\"medialibrary\" alt=\"Awesome Image\" title=\"s-truck-1\" width=\"0\" height=\"0\" data-dbsrc=\"Ly9tb250YWNhcmdhc3NlcnZpeWF6LmNvbS93cC1jb250ZW50L3VwbG9hZHMvMjAyMS8xMC9zLXRydWNrLTEucG5n\"\/>\n\t\t\t\t\t\t<img loading=\"lazy\" data-src=\"\/\/montacargasserviyaz.com\/wp-content\/uploads\/2021\/10\/slider1.png\" data-libid=\"45\" data-lib=\"medialibrary\" title=\"slider1\" width=\"0\" height=\"0\" data-dbsrc=\"Ly9tb250YWNhcmdhc3NlcnZpeWF6LmNvbS93cC1jb250ZW50L3VwbG9hZHMvMjAyMS8xMC9zbGlkZXIxLnBuZw==\"\/>\n\t\t\t\t\t<\/image_lists>\n\t\t\t\t<\/sr7-module>\n\t\t\t\t<script>\n\t\t\t\t\tSR7.PMH ??={}; SR7.PMH[\"SR7_3_1\"] = {cn:0,state:false,fn: function() { if (_tpt!==undefined && _tpt.prepareModuleHeight !== undefined) {  _tpt.prepareModuleHeight({id:\"SR7_3_1\",el:[990,990,768,960,720],type:'standard',shdw:'0',gh:[990,990,768,960,720],gw:[1240,1240,1024,778,480],vpt:['-100px&#039;,&#039;-100px&#039;,&#039;-100px&#039;,&#039;-100px&#039;,&#039;-100px'],size:{fullWidth:true, fullHeight:false},mh:'0',onh:0,onw:0,bg:{color:'{\"orig\":\"transparent\",\"type\":\"solid\",\"string\":\"transparent\"}'}});   SR7.PMH[\"SR7_3_1\"].state=true;} else if((SR7.PMH[\"SR7_3_1\"].cn++)<100)\tsetTimeout( SR7.PMH[\"SR7_3_1\"].fn,19);}};SR7.PMH[\"SR7_3_1\" ].fn();\n\t\t\t\t<\/script>\n<\/div>\n\n\t\t\t\t\t\t<\/div>\n\t\t\t\t\t<\/div>\n\t\t<\/div>\n\t\t\t\t\t<\/div>\n\t\t<\/section>\n\t\t\t\t<section class=\"elementor-section elementor-top-section elementor-element elementor-element-803738f elementor-section-full_width elementor-section-height-default elementor-section-height-default magic-button-disabled-no\" data-id=\"803738f\" data-element_type=\"section\">\n\t\t\t\t\t\t<div class=\"elementor-container elementor-column-gap-default\">\n\t\t\t\t\t<div class=\"elementor-column elementor-col-100 elementor-top-column elementor-element elementor-element-14afa42\" data-id=\"14afa42\" data-element_type=\"column\">\n\t\t\t<div class=\"elementor-widget-wrap elementor-element-populated\">\n\t\t\t\t\t\t<div class=\"elementor-element elementor-element-433b49a elementor-widget elementor-widget-fastrans_our_services\" data-id=\"433b49a\" data-element_type=\"widget\" data-widget_type=\"fastrans_our_services.default\">\n\t\t\t\t<div class=\"elementor-widget-container\">\n\t\t\t\t\t\n        <!-- Start of Service section\n        ============================================= -->\n        <section id=\"ft-service-3\" class=\"ft-service-section-3\">\n            <div class=\"container\">\n                                <div class=\"ft-section-title-3 headline text-center\">\n                    <span class=\"text-uppercase\">Somos especialistas en: <\/span>                    <h2>Equipos de movimiento de cargas<\/h2>                <\/div>\n                                <div class=\"ft-service-content-3\">\n                    <div class=\"ft-service-content-items-3\">\n                        <div class=\"row justify-content-center\">\n                                                        <div class=\"col-lg-4 col-md-6\">\n                                <div class=\"ft-service-innerbox-3 position-relative\">\n                                                                        <div class=\"ft-service-img position-relative\">\n                                        <img loading=\"lazy\" decoding=\"async\" width=\"525\" height=\"394\" src=\"https:\/\/montacargasserviyaz.com\/wp-content\/uploads\/2021\/10\/con-horquillas-1024x768.jpeg\" class=\"attachment-large size-large wp-post-image\" alt=\"\" srcset=\"https:\/\/montacargasserviyaz.com\/wp-content\/uploads\/2021\/10\/con-horquillas-1024x768.jpeg 1024w, https:\/\/montacargasserviyaz.com\/wp-content\/uploads\/2021\/10\/con-horquillas-600x450.jpeg 600w, https:\/\/montacargasserviyaz.com\/wp-content\/uploads\/2021\/10\/con-horquillas-300x225.jpeg 300w, https:\/\/montacargasserviyaz.com\/wp-content\/uploads\/2021\/10\/con-horquillas-768x576.jpeg 768w, https:\/\/montacargasserviyaz.com\/wp-content\/uploads\/2021\/10\/con-horquillas-1536x1152.jpeg 1536w, https:\/\/montacargasserviyaz.com\/wp-content\/uploads\/2021\/10\/con-horquillas.jpeg 1600w\" sizes=\"(max-width: 525px) 100vw, 525px\" \/>                                    <\/div>\n                                                                        <div class=\"ft-service-text-icon position-relative\">\n                                        <div class=\"ft-service-icon d-flex align-items-center justify-content-center position-absolute\">\n                                            <i class=\"flaticon-right-arrow\"><\/i>\n                                        <\/div>\n                                        <div class=\"ft-service-text position-relative headline pera-content\">\n                                            <h3><a href=\"https:\/\/themexriver.com\/wp\/fastrans\/air-freight\/\">Montacargas con horquillas<\/a><\/h3>\n                                            <p>Ac\u00e1 el cliente debe poner una descripci\u00f3n de m\u00e1ximo 20 palabras acerca de este servicio.<\/p>\n                                        <\/div>\n                                    <\/div>\n                                    <div class=\"more-btn position-absolute\">\n                                        <a class=\"d-flex align-items-center justify-content-center text-uppercase\" href=\"https:\/\/themexriver.com\/wp\/fastrans\/air-freight\/\"> <i class=\"far fa-arrow-right\"><\/i><\/a>\n                                    <\/div>\n                                <\/div>\n                            <\/div>\n                                                        <div class=\"col-lg-4 col-md-6\">\n                                <div class=\"ft-service-innerbox-3 position-relative\">\n                                                                        <div class=\"ft-service-img position-relative\">\n                                        <img loading=\"lazy\" decoding=\"async\" width=\"370\" height=\"290\" src=\"https:\/\/montacargasserviyaz.com\/wp-content\/uploads\/2021\/10\/con-clamp-web.jpg\" class=\"attachment-large size-large wp-post-image\" alt=\"\" srcset=\"https:\/\/montacargasserviyaz.com\/wp-content\/uploads\/2021\/10\/con-clamp-web.jpg 370w, https:\/\/montacargasserviyaz.com\/wp-content\/uploads\/2021\/10\/con-clamp-web-300x235.jpg 300w\" sizes=\"(max-width: 370px) 100vw, 370px\" \/>                                    <\/div>\n                                                                        <div class=\"ft-service-text-icon position-relative\">\n                                        <div class=\"ft-service-icon d-flex align-items-center justify-content-center position-absolute\">\n                                            <i class=\"flaticon-right-arrow\"><\/i>\n                                        <\/div>\n                                        <div class=\"ft-service-text position-relative headline pera-content\">\n                                            <h3><a href=\"https:\/\/themexriver.com\/wp\/fastrans\/transparent-pricing\/\">Montacargas con clamp<\/a><\/h3>\n                                            <p>Ac\u00e1 el cliente debe poner una descripci\u00f3n de m\u00e1ximo 20 palabras acerca de este servicio.<\/p>\n                                        <\/div>\n                                    <\/div>\n                                    <div class=\"more-btn position-absolute\">\n                                        <a class=\"d-flex align-items-center justify-content-center text-uppercase\" href=\"https:\/\/themexriver.com\/wp\/fastrans\/transparent-pricing\/\"> <i class=\"far fa-arrow-right\"><\/i><\/a>\n                                    <\/div>\n                                <\/div>\n                            <\/div>\n                                                        <div class=\"col-lg-4 col-md-6\">\n                                <div class=\"ft-service-innerbox-3 position-relative\">\n                                                                        <div class=\"ft-service-img position-relative\">\n                                        <img loading=\"lazy\" decoding=\"async\" width=\"370\" height=\"290\" src=\"https:\/\/montacargasserviyaz.com\/wp-content\/uploads\/2021\/10\/gatos-estibadores-web.jpg\" class=\"attachment-large size-large wp-post-image\" alt=\"\" srcset=\"https:\/\/montacargasserviyaz.com\/wp-content\/uploads\/2021\/10\/gatos-estibadores-web.jpg 370w, https:\/\/montacargasserviyaz.com\/wp-content\/uploads\/2021\/10\/gatos-estibadores-web-300x235.jpg 300w\" sizes=\"(max-width: 370px) 100vw, 370px\" \/>                                    <\/div>\n                                                                        <div class=\"ft-service-text-icon position-relative\">\n                                        <div class=\"ft-service-icon d-flex align-items-center justify-content-center position-absolute\">\n                                            <i class=\"flaticon-right-arrow\"><\/i>\n                                        <\/div>\n                                        <div class=\"ft-service-text position-relative headline pera-content\">\n                                            <h3><a href=\"https:\/\/themexriver.com\/wp\/fastrans\/trusted-franchise\/\">Gatos estibadores<\/a><\/h3>\n                                            <p>Ac\u00e1 el cliente debe poner una descripci\u00f3n de m\u00e1ximo 20 palabras acerca de este servicio.<\/p>\n                                        <\/div>\n                                    <\/div>\n                                    <div class=\"more-btn position-absolute\">\n                                        <a class=\"d-flex align-items-center justify-content-center text-uppercase\" href=\"https:\/\/themexriver.com\/wp\/fastrans\/trusted-franchise\/\"> <i class=\"far fa-arrow-right\"><\/i><\/a>\n                                    <\/div>\n                                <\/div>\n                            <\/div>\n                                                    <\/div>\n                    <\/div>\n                <\/div>\n            <\/div>\n        <\/section>\n    \t<!-- End of Service section\n        ============================================= -->\n\n        \t\t\t\t<\/div>\n\t\t\t\t<\/div>\n\t\t\t\t\t<\/div>\n\t\t<\/div>\n\t\t\t\t\t<\/div>\n\t\t<\/section>\n\t\t\t\t<section class=\"elementor-section elementor-top-section elementor-element elementor-element-c1d24f2 elementor-section-full_width elementor-section-height-default elementor-section-height-default magic-button-disabled-no\" data-id=\"c1d24f2\" data-element_type=\"section\">\n\t\t\t\t\t\t<div class=\"elementor-container elementor-column-gap-default\">\n\t\t\t\t\t<div class=\"elementor-column elementor-col-100 elementor-top-column elementor-element elementor-element-5682a9a\" data-id=\"5682a9a\" data-element_type=\"column\">\n\t\t\t<div class=\"elementor-widget-wrap elementor-element-populated\">\n\t\t\t\t\t\t<div class=\"elementor-element elementor-element-2ff5917 elementor-widget elementor-widget-fastrans_about_us\" data-id=\"2ff5917\" data-element_type=\"widget\" data-widget_type=\"fastrans_about_us.default\">\n\t\t\t\t<div class=\"elementor-widget-container\">\n\t\t\t\t\t\t\n    <!-- Start of About section\n\t============================================= -->\n\t<section id=\"ft-about-3\" class=\"ft-about-section-3\">\n\t\t<div class=\"container\">\n\t\t\t<div class=\"ft-about-content-3\">\n\t\t\t\t<div class=\"row\">\n\t\t\t\t\t<div class=\"col-lg-6\">\n\t\t\t\t\t\t<div class=\"ft-about-img-wrapper-3 position-relative\">\n\t\t\t\t\t\t\t                            <div class=\"ft-about-img-3\">\n\t\t\t\t\t\t\t\t<img decoding=\"async\" src=\"https:\/\/montacargasserviyaz.com\/wp-content\/uploads\/2025\/11\/montacargas.png\" alt=\"Awesome Image\">\n\t\t\t\t\t\t\t<\/div>\n                                                        \n\t\t\t\t\t\t\t                            \n\t\t\t\t\t\t<\/div>\n\t\t\t\t\t<\/div>\n\t\t\t\t\t<div class=\"col-lg-6\">\n\t\t\t\t\t\t<div class=\"ft-about-text-3\">\n\t\t\t\t\t\t\t                            <div class=\"ft-section-title-3 headline\">\n\t\t\t\t\t\t\t\t<span class=\"text-uppercase\">Contamos con certificado vigente<\/span>                    \t\t\t<h2>Operador de Montacargas experto<\/h2>                            <\/div>\n                                                        \t\t\t\t\t\t\t<div class=\"ft-about-sub-text\">\n\t\t\t\t\t\t\t\tContamos con m\u00e1s de quince a\u00f1os de experiencia en la prestaci\u00f3n del servicio de alquiler de montacargas; nuestro personal es altamente calificado para la labor, con m\u00e1s de 20 a\u00f1os de experiencia comprobada.\t\t\t\t\t\t\t<\/div>\n                            \t\t\t\t\t\t\t<div class=\"ft-about-feature-3\">\n\t\t\t\t\t\t\t\t<div class=\"row\">\n\t\t\t\t\t\t\t\t\t                                    <div class=\"col-md-6\">\n\t\t\t\t\t\t\t\t\t\t<div class=\"ft-about-feature-text\">\n\t\t\t\t\t\t\t\t\t\t\tTenemos conocimiento en el desarrollo de las actividades, el cumplimiento y responsabilidad necesaria para llevar a cabo nuestra labor.\t\t\t\t\t\t\t\t\t\t<\/div>\n\t\t\t\t\t\t\t\t\t<\/div>\n\t\t\t\t\t\t\t\t\t\t\t\t\t\t\t\t\t<\/div>\n\t\t\t\t\t\t\t<\/div>\n                            \n\t\t\t\t\t\t\t<div class=\"ft-about-btn-group text-uppercase d-flex\">\n\t\t\t\t\t\t\t\t                                <a class=\"d-flex justify-content-center align-items-center\" href=\"https:\/\/themexriver.com\/wp\/fastrans\/contact\/\">Agenda una cita  <i class=\"fas fa-arrow-right\"><\/i><\/a>\n                                \t\t\t\t\t\t\t\t                                <a class=\"d-flex justify-content-center align-items-center\" href=\"https:\/\/themexriver.com\/wp\/fastrans\/about\/\">Servicios  <i class=\"fas fa-arrow-right\"><\/i><\/a>\n\t\t\t\t\t\t\t\t                            <\/div>\n\t\t\t\t\t\t<\/div>\n\t\t\t\t\t<\/div>\n\t\t\t\t<\/div>\n\t\t\t<\/div>\n\t\t<\/div>\n\t<\/section>\n\t<!-- End of About section\n\t============================================= --> \n\n    \t\t\t\t<\/div>\n\t\t\t\t<\/div>\n\t\t\t\t\t<\/div>\n\t\t<\/div>\n\t\t\t\t\t<\/div>\n\t\t<\/section>\n\t\t\t\t<section class=\"elementor-section elementor-top-section elementor-element elementor-element-e311165 elementor-section-full_width elementor-section-height-default elementor-section-height-default magic-button-disabled-no\" data-id=\"e311165\" data-element_type=\"section\">\n\t\t\t\t\t\t<div class=\"elementor-container elementor-column-gap-default\">\n\t\t\t\t\t<div class=\"elementor-column elementor-col-100 elementor-top-column elementor-element elementor-element-9852e37\" data-id=\"9852e37\" data-element_type=\"column\">\n\t\t\t<div class=\"elementor-widget-wrap elementor-element-populated\">\n\t\t\t\t\t\t<div class=\"elementor-element elementor-element-0bae7ae elementor-widget elementor-widget-fastrans_why_choose_us\" data-id=\"0bae7ae\" data-element_type=\"widget\" data-widget_type=\"fastrans_why_choose_us.default\">\n\t\t\t\t<div class=\"elementor-widget-container\">\n\t\t\t\t\t\t\n    <!-- Start of why choose us section\n\t============================================= -->\n\t<section id=\"ft-why-choose-2\" class=\"ft-why-choose-section-2 position-relative\">\n\t\t<span class=\"why-choose-bg-2\"><img decoding=\"async\" src=\"https:\/\/montacargasserviyaz.com\/wp-content\/uploads\/2021\/10\/wc-bg2.jpg\" alt=\"Awesome Image\"><\/span>\t\t<span class=\"why-choose-img-2 position-absolute\"><img decoding=\"async\" src=\"https:\/\/montacargasserviyaz.com\/wp-content\/uploads\/2021\/10\/ab3.png\" alt=\"Awesome Image\"><\/span>\t\t<div class=\"container\">\n\t\t\t<div class=\"ft-why-choose-content-2\">\n\t\t\t\t<div class=\"row\">\n\t\t\t\t\t<div class=\"col-lg-6\">\n\t\t\t\t\t\t<div class=\"ft-why-choose-text-2\">\n\t\t\t\t\t\t\t                            <div class=\"ft-section-title-3 headline\">\n\t\t\t\t\t\t\t\t<span class=\"text-uppercase\">\u00bfPor qu\u00e9 elegirnos?<\/span>                    \t\t\t<h2>Ofrecemos el servicio de alquiler de montacargas<\/h2>\t\t\t\t\t\t\t<\/div>\n                                                        \t\t\t\t\t\t\t\t\n\t\t\t\t\t\t\t\t                                <div class=\"ft-why-choose-list-wrapper ul-li-block\">\n                                    <ul>\n                                                                                <li>En las condiciones que el cliente lo requiera: <\/li>\n                                                                                <li>Con operario, sin operario, por horas, d\u00edas, meses o a\u00f1os.<\/li>\n                                                                                <li>Equipos m\u00e1s productivos y eficientes<\/li>\n                                                                                <li>Administrar de forma m\u00e1s eficaz las flotas y operaciones de los equipos.<\/li>\n                                                                                <li>Servicios 24 horas al d\u00eda de domingo a domingo<\/li>\n                                                                                <li>Dentro y fuera de Bogot\u00e1.<\/li>\n                                                                            <\/ul>\n                                <\/div>\n                                                                \n                            \t\t\t\t\t\t<\/div>\n\t\t\t\t\t<\/div>\n\t\t\t\t\t                    <div class=\"col-lg-6\">\n\t\t\t\t\t\t<div class=\"ft-why-choose-form-wrapper\">\n\t\t\t\t\t\t\t<div class=\"ft-why-choose-form pera-content\">\n\t\t\t\t\t\t\t\t\n<div class=\"wpcf7 no-js\" id=\"wpcf7-f8-o1\" lang=\"en-US\" dir=\"ltr\" data-wpcf7-id=\"8\">\n<div class=\"screen-reader-response\"><p role=\"status\" aria-live=\"polite\" aria-atomic=\"true\"><\/p> <ul><\/ul><\/div>\n<form action=\"\/index.php?rest_route=%2Fwp%2Fv2%2Fpages%2F1489#wpcf7-f8-o1\" method=\"post\" class=\"wpcf7-form init\" aria-label=\"Contact form\" novalidate=\"novalidate\" data-status=\"init\">\n<fieldset class=\"hidden-fields-container\"><input type=\"hidden\" name=\"_wpcf7\" value=\"8\" \/><input type=\"hidden\" name=\"_wpcf7_version\" value=\"6.1.3\" \/><input type=\"hidden\" name=\"_wpcf7_locale\" value=\"en_US\" \/><input type=\"hidden\" name=\"_wpcf7_unit_tag\" value=\"wpcf7-f8-o1\" \/><input type=\"hidden\" name=\"_wpcf7_container_post\" value=\"0\" \/><input type=\"hidden\" name=\"_wpcf7_posted_data_hash\" value=\"\" \/>\n<\/fieldset>\n<p><label> Nombre<br \/>\n<span class=\"wpcf7-form-control-wrap\" data-name=\"your-name\"><input size=\"40\" maxlength=\"400\" class=\"wpcf7-form-control wpcf7-text wpcf7-validates-as-required\" aria-required=\"true\" aria-invalid=\"false\" value=\"\" type=\"text\" name=\"your-name\" \/><\/span> <\/label>\n<\/p>\n<p><label> Correo electr\u00f3nico<br \/>\n<span class=\"wpcf7-form-control-wrap\" data-name=\"your-email\"><input size=\"40\" maxlength=\"400\" class=\"wpcf7-form-control wpcf7-email wpcf7-validates-as-required wpcf7-text wpcf7-validates-as-email\" aria-required=\"true\" aria-invalid=\"false\" value=\"\" type=\"email\" name=\"your-email\" \/><\/span> <\/label>\n<\/p>\n<p><label> Asunto<br \/>\n<span class=\"wpcf7-form-control-wrap\" data-name=\"your-subject\"><input size=\"40\" maxlength=\"400\" class=\"wpcf7-form-control wpcf7-text wpcf7-validates-as-required\" aria-required=\"true\" aria-invalid=\"false\" value=\"\" type=\"text\" name=\"your-subject\" \/><\/span> <\/label>\n<\/p>\n<p><label> Mensaje (Opcional)<br \/>\n<span class=\"wpcf7-form-control-wrap\" data-name=\"your-message\"><textarea cols=\"40\" rows=\"10\" maxlength=\"2000\" class=\"wpcf7-form-control wpcf7-textarea\" aria-invalid=\"false\" name=\"your-message\"><\/textarea><\/span> <\/label>\n<\/p>\n<p><input class=\"wpcf7-form-control wpcf7-submit has-spinner\" type=\"submit\" value=\"Enviar\" \/>\n<\/p><div class=\"wpcf7-response-output\" aria-hidden=\"true\"><\/div>\n<\/form>\n<\/div>\n\t\t\t\t\t\t\t\t\t\t\t\t\t\t\t<\/div>\n\t\t\t\t\t\t<\/div>\n\t\t\t\t\t<\/div>\n                    \t\t\t\t<\/div>\n\t\t\t<\/div>\n\t\t<\/div>\n\t<\/section>\n\t<!-- End of why choose us section\n\t============================================= -->\n    \n    \t\t\t\t<\/div>\n\t\t\t\t<\/div>\n\t\t\t\t\t<\/div>\n\t\t<\/div>\n\t\t\t\t\t<\/div>\n\t\t<\/section>\n\t\t\t\t<\/div>\n\t\t","protected":false},"excerpt":{"rendered":"<p>Somos especialistas en: Equipos de movimiento de cargas Montacargas con horquillas Ac\u00e1 el cliente debe poner una descripci\u00f3n de m\u00e1ximo 20 palabras acerca de este servicio. Montacargas con clamp Ac\u00e1 el cliente debe poner una descripci\u00f3n de m\u00e1ximo 20 palabras acerca de este servicio. Gatos estibadores Ac\u00e1 el cliente debe poner una descripci\u00f3n de m\u00e1ximo [&hellip;]<\/p>\n","protected":false},"author":1,"featured_media":0,"parent":0,"menu_order":0,"comment_status":"closed","ping_status":"closed","template":"elementor_header_footer","meta":{"footnotes":""},"class_list":["post-1489","page","type-page","status-publish","hentry"],"_links":{"self":[{"href":"https:\/\/montacargasserviyaz.com\/index.php?rest_route=\/wp\/v2\/pages\/1489","targetHints":{"allow":["GET"]}}],"collection":[{"href":"https:\/\/montacargasserviyaz.com\/index.php?rest_route=\/wp\/v2\/pages"}],"about":[{"href":"https:\/\/montacargasserviyaz.com\/index.php?rest_route=\/wp\/v2\/types\/page"}],"author":[{"embeddable":true,"href":"https:\/\/montacargasserviyaz.com\/index.php?rest_route=\/wp\/v2\/users\/1"}],"replies":[{"embeddable":true,"href":"https:\/\/montacargasserviyaz.com\/index.php?rest_route=%2Fwp%2Fv2%2Fcomments&post=1489"}],"version-history":[{"count":22,"href":"https:\/\/montacargasserviyaz.com\/index.php?rest_route=\/wp\/v2\/pages\/1489\/revisions"}],"predecessor-version":[{"id":2654,"href":"https:\/\/montacargasserviyaz.com\/index.php?rest_route=\/wp\/v2\/pages\/1489\/revisions\/2654"}],"wp:attachment":[{"href":"https:\/\/montacargasserviyaz.com\/index.php?rest_route=%2Fwp%2Fv2%2Fmedia&parent=1489"}],"curies":[{"name":"wp","href":"https:\/\/api.w.org\/{rel}","templated":true}]}}